{"id":624,"date":"2025-07-24T03:01:58","date_gmt":"2025-07-24T03:01:58","guid":{"rendered":"https:\/\/osierrasconstruction.com\/?page_id=624"},"modified":"2026-01-13T23:35:50","modified_gmt":"2026-01-13T23:35:50","slug":"contactenos","status":"publish","type":"page","link":"https:\/\/osierrasconstruction.com\/co\/contactenos\/","title":{"rendered":"Cont\u00e1ctenos"},"content":{"rendered":"<p>[et_pb_section fb_built=\u00bb1&#8243; module_id=\u00bbcontact\u00bb module_class=\u00bbcontact\u00bb _builder_version=\u00bb4.27.4&#8243; _module_preset=\u00bbdefault\u00bb background_enable_color=\u00bboff\u00bb custom_padding=\u00bb25px||25px||false|false\u00bb global_colors_info=\u00bb{}\u00bb][et_pb_row column_structure=\u00bb2_3,1_3&#8243; make_equal=\u00bbon\u00bb _builder_version=\u00bb4.27.4&#8243; _module_preset=\u00bbdefault\u00bb animation_style=\u00bbbounce\u00bb animation_direction=\u00bbright\u00bb global_colors_info=\u00bb{}\u00bb][et_pb_column type=\u00bb2_3&#8243; _builder_version=\u00bb4.27.4&#8243; _module_preset=\u00bbdefault\u00bb custom_css_main_element=\u00bbmargin: auto;\u00bb global_colors_info=\u00bb{}\u00bb][et_pb_text _builder_version=\u00bb4.27.5&#8243; _module_preset=\u00bbdefault\u00bb header_2_text_align=\u00bbcenter\u00bb text_orientation=\u00bbcenter\u00bb hover_enabled=\u00bb0&#8243; global_colors_info=\u00bb{}\u00bb text_font_size=\u00bb16px\u00bb sticky_enabled=\u00bb0&#8243;]<\/p>\n<h2>Solicita una cotizaci\u00f3n aqu\u00ed<\/h2>\n<p><span>\u00a1Perm\u00edtenos hacer realidad tu visi\u00f3n: \u00a1solicita una cotizaci\u00f3n ahora!<\/span><\/p>\n<p>[\/et_pb_text][et_pb_contact_form use_spam_service=\u00bbon\u00bb recaptcha_list=\u00bbDefault|Default-0&#8243; email=\u00bbestimate@osierrasconstruction.com\/co\u00bb custom_message=\u00bbHello oSierras Team,||et_pb_line_break_holder||||et_pb_line_break_holder||You\u2019ve received a new inquiry through the website contact form.||et_pb_line_break_holder||Here are the details submitted by the client:||et_pb_line_break_holder||||et_pb_line_break_holder||\ud83d\udc64 Client Information:||et_pb_line_break_holder||First Name:\u202f%%Name%%||et_pb_line_break_holder||Last Name:\u202f%%Lastname%%||et_pb_line_break_holder||Email:\u202f%%Email%%||et_pb_line_break_holder||Phone:\u202f%%Phone%%||et_pb_line_break_holder||Service of Interest:\u202f%%Service%%||et_pb_line_break_holder||||et_pb_line_break_holder||\ud83d\udcdd Client Message:||et_pb_line_break_holder||%%Message%%||et_pb_line_break_holder||||et_pb_line_break_holder||\u2705 Suggested Next Step:||et_pb_line_break_holder||Please follow up promptly to provide a quote or schedule a consultation.\u00bb success_message=\u00bbYour message has been sent successfully. We\u2019ll be in touch with you shortly.\u00bb submit_button_text=\u00bbEnviar mensaje\u00bb _builder_version=\u00bb4.27.4&#8243; _module_preset=\u00bbdefault\u00bb _unique_id=\u00bb3e05d927-a4e2-4093-9ae8-602e747ca156&#8243; form_field_background_color=\u00bb#FFFFFF\u00bb form_field_text_color=\u00bb#4C4C4C\u00bb form_field_focus_text_color=\u00bb#000000&#8243; background_color=\u00bb#ebebeb\u00bb custom_button=\u00bbon\u00bb button_text_size=\u00bb16px\u00bb button_text_color=\u00bb#FFFFFF\u00bb button_bg_color=\u00bb#4367FF\u00bb button_border_width=\u00bb4px\u00bb button_border_color=\u00bb#4367FF\u00bb button_border_radius=\u00bb10px\u00bb button_font=\u00bbPoppins|700|||||||\u00bb custom_padding=\u00bb5vh|5vh|5vh|5vh|false|false\u00bb custom_css_main_element=\u00bbborder-radius: 20px;\u00bb border_radii=\u00bbon|11px|11px|11px|11px\u00bb global_colors_info=\u00bb{}\u00bb][et_pb_contact_field field_id=\u00bbName\u00bb field_title=\u00bbNombre\u00bb _builder_version=\u00bb4.27.4&#8243; global_colors_info=\u00bb{}\u00bb button_text_size__hover_enabled=\u00bboff\u00bb button_one_text_size__hover_enabled=\u00bboff\u00bb button_two_text_size__hover_enabled=\u00bboff\u00bb button_text_color__hover_enabled=\u00bboff\u00bb button_one_text_color__hover_enabled=\u00bboff\u00bb button_two_text_color__hover_enabled=\u00bboff\u00bb button_border_width__hover_enabled=\u00bboff\u00bb button_one_border_width__hover_enabled=\u00bboff\u00bb button_two_border_width__hover_enabled=\u00bboff\u00bb button_border_color__hover_enabled=\u00bboff\u00bb button_one_border_color__hover_enabled=\u00bboff\u00bb button_two_border_color__hover_enabled=\u00bboff\u00bb button_border_radius__hover_enabled=\u00bboff\u00bb button_one_border_radius__hover_enabled=\u00bboff\u00bb button_two_border_radius__hover_enabled=\u00bboff\u00bb button_letter_spacing__hover_enabled=\u00bboff\u00bb button_one_letter_spacing__hover_enabled=\u00bboff\u00bb button_two_letter_spacing__hover_enabled=\u00bboff\u00bb button_bg_color__hover_enabled=\u00bboff\u00bb button_one_bg_color__hover_enabled=\u00bboff\u00bb button_two_bg_color__hover_enabled=\u00bboff\u00bb][\/et_pb_contact_field][et_pb_contact_field field_id=\u00bbLastname\u00bb field_title=\u00bbApellido\u00bb _builder_version=\u00bb4.27.4&#8243; global_colors_info=\u00bb{}\u00bb button_text_size__hover_enabled=\u00bboff\u00bb button_one_text_size__hover_enabled=\u00bboff\u00bb button_two_text_size__hover_enabled=\u00bboff\u00bb button_text_color__hover_enabled=\u00bboff\u00bb button_one_text_color__hover_enabled=\u00bboff\u00bb button_two_text_color__hover_enabled=\u00bboff\u00bb button_border_width__hover_enabled=\u00bboff\u00bb button_one_border_width__hover_enabled=\u00bboff\u00bb button_two_border_width__hover_enabled=\u00bboff\u00bb button_border_color__hover_enabled=\u00bboff\u00bb button_one_border_color__hover_enabled=\u00bboff\u00bb button_two_border_color__hover_enabled=\u00bboff\u00bb button_border_radius__hover_enabled=\u00bboff\u00bb button_one_border_radius__hover_enabled=\u00bboff\u00bb button_two_border_radius__hover_enabled=\u00bboff\u00bb button_letter_spacing__hover_enabled=\u00bboff\u00bb button_one_letter_spacing__hover_enabled=\u00bboff\u00bb button_two_letter_spacing__hover_enabled=\u00bboff\u00bb button_bg_color__hover_enabled=\u00bboff\u00bb button_one_bg_color__hover_enabled=\u00bboff\u00bb button_two_bg_color__hover_enabled=\u00bboff\u00bb][\/et_pb_contact_field][et_pb_contact_field field_id=\u00bbEmail\u00bb field_title=\u00bbCorreo electr\u00f3nico\u00bb field_type=\u00bbemail\u00bb _builder_version=\u00bb4.27.4&#8243; global_colors_info=\u00bb{}\u00bb button_text_size__hover_enabled=\u00bboff\u00bb button_one_text_size__hover_enabled=\u00bboff\u00bb button_two_text_size__hover_enabled=\u00bboff\u00bb button_text_color__hover_enabled=\u00bboff\u00bb button_one_text_color__hover_enabled=\u00bboff\u00bb button_two_text_color__hover_enabled=\u00bboff\u00bb button_border_width__hover_enabled=\u00bboff\u00bb button_one_border_width__hover_enabled=\u00bboff\u00bb button_two_border_width__hover_enabled=\u00bboff\u00bb button_border_color__hover_enabled=\u00bboff\u00bb button_one_border_color__hover_enabled=\u00bboff\u00bb button_two_border_color__hover_enabled=\u00bboff\u00bb button_border_radius__hover_enabled=\u00bboff\u00bb button_one_border_radius__hover_enabled=\u00bboff\u00bb button_two_border_radius__hover_enabled=\u00bboff\u00bb button_letter_spacing__hover_enabled=\u00bboff\u00bb button_one_letter_spacing__hover_enabled=\u00bboff\u00bb button_two_letter_spacing__hover_enabled=\u00bboff\u00bb button_bg_color__hover_enabled=\u00bboff\u00bb button_one_bg_color__hover_enabled=\u00bboff\u00bb button_two_bg_color__hover_enabled=\u00bboff\u00bb][\/et_pb_contact_field][et_pb_contact_field field_id=\u00bbPhone\u00bb field_title=\u00bbCelular\u00bb allowed_symbols=\u00bbnumbers\u00bb _builder_version=\u00bb4.27.4&#8243; global_colors_info=\u00bb{}\u00bb button_text_size__hover_enabled=\u00bboff\u00bb button_one_text_size__hover_enabled=\u00bboff\u00bb button_two_text_size__hover_enabled=\u00bboff\u00bb button_text_color__hover_enabled=\u00bboff\u00bb button_one_text_color__hover_enabled=\u00bboff\u00bb button_two_text_color__hover_enabled=\u00bboff\u00bb button_border_width__hover_enabled=\u00bboff\u00bb button_one_border_width__hover_enabled=\u00bboff\u00bb button_two_border_width__hover_enabled=\u00bboff\u00bb button_border_color__hover_enabled=\u00bboff\u00bb button_one_border_color__hover_enabled=\u00bboff\u00bb button_two_border_color__hover_enabled=\u00bboff\u00bb button_border_radius__hover_enabled=\u00bboff\u00bb button_one_border_radius__hover_enabled=\u00bboff\u00bb button_two_border_radius__hover_enabled=\u00bboff\u00bb button_letter_spacing__hover_enabled=\u00bboff\u00bb button_one_letter_spacing__hover_enabled=\u00bboff\u00bb button_two_letter_spacing__hover_enabled=\u00bboff\u00bb button_bg_color__hover_enabled=\u00bboff\u00bb button_one_bg_color__hover_enabled=\u00bboff\u00bb button_two_bg_color__hover_enabled=\u00bboff\u00bb][\/et_pb_contact_field][et_pb_contact_field field_id=\u00bbService\u00bb field_title=\u00bbTipo de servicio\u00bb field_type=\u00bbradio\u00bb radio_options=\u00bb%91{%22value%22:%22Pintura%22,%22checked%22:0,%22dragID%22:-1,%22link_url%22:%22%22,%22link_text%22:%22%22},{%22value%22:%22Cocina y ba\u00f1o%22,%22checked%22:0,%22dragID%22:0},{%22value%22:%22Pisos%22,%22checked%22:0,%22dragID%22:1},{%22value%22:%22Reparaciones%22,%22checked%22:0,%22dragID%22:2},{%22value%22:%22Hidrolavado%22,%22checked%22:0,%22dragID%22:3}%93&#8243; _builder_version=\u00bb4.27.4&#8243; _module_preset=\u00bbdefault\u00bb global_colors_info=\u00bb{}\u00bb][\/et_pb_contact_field][et_pb_contact_field field_id=\u00bbMessage\u00bb field_title=\u00bbCu\u00e9ntanos sobre tu proyecto o necesidades especificas\u00bb field_type=\u00bbtext\u00bb _builder_version=\u00bb4.27.4&#8243; global_colors_info=\u00bb{}\u00bb button_text_size__hover_enabled=\u00bboff\u00bb button_one_text_size__hover_enabled=\u00bboff\u00bb button_two_text_size__hover_enabled=\u00bboff\u00bb button_text_color__hover_enabled=\u00bboff\u00bb button_one_text_color__hover_enabled=\u00bboff\u00bb button_two_text_color__hover_enabled=\u00bboff\u00bb button_border_width__hover_enabled=\u00bboff\u00bb button_one_border_width__hover_enabled=\u00bboff\u00bb button_two_border_width__hover_enabled=\u00bboff\u00bb button_border_color__hover_enabled=\u00bboff\u00bb button_one_border_color__hover_enabled=\u00bboff\u00bb button_two_border_color__hover_enabled=\u00bboff\u00bb button_border_radius__hover_enabled=\u00bboff\u00bb button_one_border_radius__hover_enabled=\u00bboff\u00bb button_two_border_radius__hover_enabled=\u00bboff\u00bb button_letter_spacing__hover_enabled=\u00bboff\u00bb button_one_letter_spacing__hover_enabled=\u00bboff\u00bb button_two_letter_spacing__hover_enabled=\u00bboff\u00bb button_bg_color__hover_enabled=\u00bboff\u00bb button_one_bg_color__hover_enabled=\u00bboff\u00bb button_two_bg_color__hover_enabled=\u00bboff\u00bb][\/et_pb_contact_field][\/et_pb_contact_form][\/et_pb_column][et_pb_column type=\u00bb1_3&#8243; _builder_version=\u00bb4.27.4&#8243; _module_preset=\u00bbdefault\u00bb custom_css_main_element=\u00bbmargin: auto;\u00bb global_colors_info=\u00bb{}\u00bb][et_pb_image src=\u00bbhttps:\/\/osierrasconstruction.com\/co\/wp-content\/uploads\/2025\/07\/osierras-puntilladora-azul.webp\u00bb title_text=\u00bbosierras-puntilladora-azul\u00bb _builder_version=\u00bb4.27.4&#8243; _module_preset=\u00bbdefault\u00bb width=\u00bb76%\u00bb width_tablet=\u00bb63%\u00bb width_phone=\u00bb63%\u00bb width_last_edited=\u00bbon|tablet\u00bb module_alignment=\u00bbcenter\u00bb custom_margin=\u00bb||22px|||\u00bb global_colors_info=\u00bb{}\u00bb][\/et_pb_image][et_pb_text _builder_version=\u00bb4.27.4&#8243; _module_preset=\u00bbdefault\u00bb header_2_text_align=\u00bbcenter\u00bb global_colors_info=\u00bb{}\u00bb]<\/p>\n<h2>Construyamos juntos<\/h2>\n<p>[\/et_pb_text][\/et_pb_column][\/et_pb_row][\/et_pb_section][et_pb_section fb_built=\u00bb1&#8243; _builder_version=\u00bb4.27.4&#8243; _module_preset=\u00bbdefault\u00bb custom_padding=\u00bb||30px||false|false\u00bb global_colors_info=\u00bb{}\u00bb][et_pb_row _builder_version=\u00bb4.27.4&#8243; _module_preset=\u00bbdefault\u00bb animation_style=\u00bbfade\u00bb global_colors_info=\u00bb{}\u00bb][et_pb_column type=\u00bb4_4&#8243; _builder_version=\u00bb4.27.4&#8243; _module_preset=\u00bbdefault\u00bb global_colors_info=\u00bb{}\u00bb][et_pb_text _builder_version=\u00bb4.27.5&#8243; _module_preset=\u00bbdefault\u00bb header_2_text_align=\u00bbcenter\u00bb text_orientation=\u00bbcenter\u00bb hover_enabled=\u00bb0&#8243; global_colors_info=\u00bb{}\u00bb text_font_size=\u00bb16px\u00bb sticky_enabled=\u00bb0&#8243;]<\/p>\n<h2>Cobertura del servicio<\/h2>\n<p>Sirviendo a todo Armenia-Quind\u00edo con soluciones expertas en construcci\u00f3n y remodelaci\u00f3n.<br \/>Desde pintura hasta mejoras en la cocina, estamos listos para darle vida a tu proyecto.<\/p>\n<p>[\/et_pb_text][\/et_pb_column][\/et_pb_row][et_pb_row _builder_version=\u00bb4.27.4&#8243; _module_preset=\u00bbdefault\u00bb max_width=\u00bb1200px\u00bb animation_style=\u00bbfold\u00bb animation_direction=\u00bbbottom\u00bb global_colors_info=\u00bb{}\u00bb][et_pb_column type=\u00bb4_4&#8243; _builder_version=\u00bb4.27.4&#8243; _module_preset=\u00bbdefault\u00bb global_colors_info=\u00bb{}\u00bb][et_pb_code _builder_version=\u00bb4.27.4&#8243; _module_preset=\u00bbdefault\u00bb border_radii=\u00bbon|24px|24px|24px|24px\u00bb global_colors_info=\u00bb{}\u00bb]<iframe title=\"osierras-map\" src=\"https:\/\/www.google.com\/maps\/embed?pb=!1m18!1m12!1m3!1d37059.853395053884!2d-75.70149486003122!3d4.54197298433372!2m3!1f0!2f0!3f0!3m2!1i1024!2i768!4f13.1!3m3!1m2!1s0x8e38f5ade6653bc1%3A0xc2c6ca4ab95d8808!2sArmenia%2C%20Quind%C3%ADo!5e0!3m2!1ses-419!2sco!4v1757456515482!5m2!1ses-419!2sco\" width=\"62500\" height=\"300 style=\"border:0;\" allowfullscreen=\"\" loading=\"lazy\" referrerpolicy=\"no-referrer-when-downgrade\"><\/iframe>[\/et_pb_code][\/et_pb_column][\/et_pb_row][\/et_pb_section]<\/p>\n","protected":false},"excerpt":{"rendered":"<p>Solicita una cotizaci\u00f3n aqu\u00ed \u00a1Perm\u00edtenos hacer realidad tu visi\u00f3n: \u00a1solicita una cotizaci\u00f3n ahora!Construyamos juntosCobertura del servicio Sirviendo a todo Armenia-Quind\u00edo con soluciones expertas en construcci\u00f3n y remodelaci\u00f3n.Desde pintura hasta mejoras en la cocina, estamos listos para darle vida a tu proyecto.<\/p>\n","protected":false},"author":1,"featured_media":0,"parent":0,"menu_order":0,"comment_status":"closed","ping_status":"closed","template":"","meta":{"_et_pb_use_builder":"on","_et_pb_old_content":"","_et_gb_content_width":"","footnotes":""},"class_list":["post-624","page","type-page","status-publish","hentry"],"yoast_head":"<!-- This site is optimized with the Yoast SEO plugin v27.5 - https:\/\/yoast.com\/product\/yoast-seo-wordpress\/ -->\n<title>Cont\u00e1ctenos - Osierras<\/title>\n<meta name=\"description\" content=\"Let us bring your vision to life\u2014request your quote now! Serving all of New Jersey with expert construction and remodeling solutions.From painting to kitchen upgrades\u2014we\u2019re ready to bring your project to life, wherever you are.\" \/>\n<meta name=\"robots\" content=\"index, follow, max-snippet:-1, max-image-preview:large, max-video-preview:-1\" \/>\n<link rel=\"canonical\" href=\"https:\/\/osierrasconstruction.com\/co\/contactenos\/\" \/>\n<meta property=\"og:locale\" content=\"es_ES\" \/>\n<meta property=\"og:type\" content=\"article\" \/>\n<meta property=\"og:title\" content=\"Cont\u00e1ctenos - Osierras\" \/>\n<meta property=\"og:description\" content=\"Let us bring your vision to life\u2014request your quote now! Serving all of New Jersey with expert construction and remodeling solutions.From painting to kitchen upgrades\u2014we\u2019re ready to bring your project to life, wherever you are.\" \/>\n<meta property=\"og:url\" content=\"https:\/\/osierrasconstruction.com\/co\/contactenos\/\" \/>\n<meta property=\"og:site_name\" content=\"Osierras\" \/>\n<meta property=\"article:modified_time\" content=\"2026-01-13T23:35:50+00:00\" \/>\n<meta name=\"twitter:card\" content=\"summary_large_image\" \/>\n<meta name=\"twitter:label1\" content=\"Tiempo de lectura\" \/>\n\t<meta name=\"twitter:data1\" content=\"1 minuto\" \/>\n<script type=\"application\/ld+json\" class=\"yoast-schema-graph\">{\"@context\":\"https:\\\/\\\/schema.org\",\"@graph\":[{\"@type\":\"WebPage\",\"@id\":\"https:\\\/\\\/osierrasconstruction.com\\\/co\\\/contactenos\\\/\",\"url\":\"https:\\\/\\\/osierrasconstruction.com\\\/co\\\/contactenos\\\/\",\"name\":\"Cont\u00e1ctenos - Osierras\",\"isPartOf\":{\"@id\":\"https:\\\/\\\/osierrasconstruction.com\\\/co\\\/#website\"},\"datePublished\":\"2025-07-24T03:01:58+00:00\",\"dateModified\":\"2026-01-13T23:35:50+00:00\",\"description\":\"Let us bring your vision to life\u2014request your quote now! Serving all of New Jersey with expert construction and remodeling solutions.From painting to kitchen upgrades\u2014we\u2019re ready to bring your project to life, wherever you are.\",\"breadcrumb\":{\"@id\":\"https:\\\/\\\/osierrasconstruction.com\\\/co\\\/contactenos\\\/#breadcrumb\"},\"inLanguage\":\"es\",\"potentialAction\":[{\"@type\":\"ReadAction\",\"target\":[\"https:\\\/\\\/osierrasconstruction.com\\\/co\\\/contactenos\\\/\"]}]},{\"@type\":\"BreadcrumbList\",\"@id\":\"https:\\\/\\\/osierrasconstruction.com\\\/co\\\/contactenos\\\/#breadcrumb\",\"itemListElement\":[{\"@type\":\"ListItem\",\"position\":1,\"name\":\"Home\",\"item\":\"https:\\\/\\\/osierrasconstruction.com\\\/co\\\/\"},{\"@type\":\"ListItem\",\"position\":2,\"name\":\"Cont\u00e1ctenos\"}]},{\"@type\":\"WebSite\",\"@id\":\"https:\\\/\\\/osierrasconstruction.com\\\/co\\\/#website\",\"url\":\"https:\\\/\\\/osierrasconstruction.com\\\/co\\\/\",\"name\":\"osierrasconstruction.com\",\"description\":\"Construction Services\",\"publisher\":{\"@id\":\"https:\\\/\\\/osierrasconstruction.com\\\/co\\\/#organization\"},\"potentialAction\":[{\"@type\":\"SearchAction\",\"target\":{\"@type\":\"EntryPoint\",\"urlTemplate\":\"https:\\\/\\\/osierrasconstruction.com\\\/co\\\/?s={search_term_string}\"},\"query-input\":{\"@type\":\"PropertyValueSpecification\",\"valueRequired\":true,\"valueName\":\"search_term_string\"}}],\"inLanguage\":\"es\"},{\"@type\":\"Organization\",\"@id\":\"https:\\\/\\\/osierrasconstruction.com\\\/co\\\/#organization\",\"name\":\"Osierras Construction\",\"url\":\"https:\\\/\\\/osierrasconstruction.com\\\/co\\\/\",\"logo\":{\"@type\":\"ImageObject\",\"inLanguage\":\"es\",\"@id\":\"https:\\\/\\\/osierrasconstruction.com\\\/co\\\/#\\\/schema\\\/logo\\\/image\\\/\",\"url\":\"https:\\\/\\\/osierrasconstruction.com\\\/wp-content\\\/uploads\\\/2025\\\/07\\\/logo-osierras.webp\",\"contentUrl\":\"https:\\\/\\\/osierrasconstruction.com\\\/wp-content\\\/uploads\\\/2025\\\/07\\\/logo-osierras.webp\",\"width\":1080,\"height\":479,\"caption\":\"Osierras Construction\"},\"image\":{\"@id\":\"https:\\\/\\\/osierrasconstruction.com\\\/co\\\/#\\\/schema\\\/logo\\\/image\\\/\"},\"sameAs\":[\"https:\\\/\\\/www.instagram.com\\\/osierrasconstruction2020\\\/\"]}]}<\/script>\n<!-- \/ Yoast SEO plugin. -->","yoast_head_json":{"title":"Cont\u00e1ctenos - Osierras","description":"Let us bring your vision to life\u2014request your quote now! Serving all of New Jersey with expert construction and remodeling solutions.From painting to kitchen upgrades\u2014we\u2019re ready to bring your project to life, wherever you are.","robots":{"index":"index","follow":"follow","max-snippet":"max-snippet:-1","max-image-preview":"max-image-preview:large","max-video-preview":"max-video-preview:-1"},"canonical":"https:\/\/osierrasconstruction.com\/co\/contactenos\/","og_locale":"es_ES","og_type":"article","og_title":"Cont\u00e1ctenos - Osierras","og_description":"Let us bring your vision to life\u2014request your quote now! Serving all of New Jersey with expert construction and remodeling solutions.From painting to kitchen upgrades\u2014we\u2019re ready to bring your project to life, wherever you are.","og_url":"https:\/\/osierrasconstruction.com\/co\/contactenos\/","og_site_name":"Osierras","article_modified_time":"2026-01-13T23:35:50+00:00","twitter_card":"summary_large_image","twitter_misc":{"Tiempo de lectura":"1 minuto"},"schema":{"@context":"https:\/\/schema.org","@graph":[{"@type":"WebPage","@id":"https:\/\/osierrasconstruction.com\/co\/contactenos\/","url":"https:\/\/osierrasconstruction.com\/co\/contactenos\/","name":"Cont\u00e1ctenos - Osierras","isPartOf":{"@id":"https:\/\/osierrasconstruction.com\/co\/#website"},"datePublished":"2025-07-24T03:01:58+00:00","dateModified":"2026-01-13T23:35:50+00:00","description":"Let us bring your vision to life\u2014request your quote now! Serving all of New Jersey with expert construction and remodeling solutions.From painting to kitchen upgrades\u2014we\u2019re ready to bring your project to life, wherever you are.","breadcrumb":{"@id":"https:\/\/osierrasconstruction.com\/co\/contactenos\/#breadcrumb"},"inLanguage":"es","potentialAction":[{"@type":"ReadAction","target":["https:\/\/osierrasconstruction.com\/co\/contactenos\/"]}]},{"@type":"BreadcrumbList","@id":"https:\/\/osierrasconstruction.com\/co\/contactenos\/#breadcrumb","itemListElement":[{"@type":"ListItem","position":1,"name":"Home","item":"https:\/\/osierrasconstruction.com\/co\/"},{"@type":"ListItem","position":2,"name":"Cont\u00e1ctenos"}]},{"@type":"WebSite","@id":"https:\/\/osierrasconstruction.com\/co\/#website","url":"https:\/\/osierrasconstruction.com\/co\/","name":"osierrasconstruction.com","description":"Construction Services","publisher":{"@id":"https:\/\/osierrasconstruction.com\/co\/#organization"},"potentialAction":[{"@type":"SearchAction","target":{"@type":"EntryPoint","urlTemplate":"https:\/\/osierrasconstruction.com\/co\/?s={search_term_string}"},"query-input":{"@type":"PropertyValueSpecification","valueRequired":true,"valueName":"search_term_string"}}],"inLanguage":"es"},{"@type":"Organization","@id":"https:\/\/osierrasconstruction.com\/co\/#organization","name":"Osierras Construction","url":"https:\/\/osierrasconstruction.com\/co\/","logo":{"@type":"ImageObject","inLanguage":"es","@id":"https:\/\/osierrasconstruction.com\/co\/#\/schema\/logo\/image\/","url":"https:\/\/osierrasconstruction.com\/wp-content\/uploads\/2025\/07\/logo-osierras.webp","contentUrl":"https:\/\/osierrasconstruction.com\/wp-content\/uploads\/2025\/07\/logo-osierras.webp","width":1080,"height":479,"caption":"Osierras Construction"},"image":{"@id":"https:\/\/osierrasconstruction.com\/co\/#\/schema\/logo\/image\/"},"sameAs":["https:\/\/www.instagram.com\/osierrasconstruction2020\/"]}]}},"_links":{"self":[{"href":"https:\/\/osierrasconstruction.com\/co\/wp-json\/wp\/v2\/pages\/624","targetHints":{"allow":["GET"]}}],"collection":[{"href":"https:\/\/osierrasconstruction.com\/co\/wp-json\/wp\/v2\/pages"}],"about":[{"href":"https:\/\/osierrasconstruction.com\/co\/wp-json\/wp\/v2\/types\/page"}],"author":[{"embeddable":true,"href":"https:\/\/osierrasconstruction.com\/co\/wp-json\/wp\/v2\/users\/1"}],"replies":[{"embeddable":true,"href":"https:\/\/osierrasconstruction.com\/co\/wp-json\/wp\/v2\/comments?post=624"}],"version-history":[{"count":14,"href":"https:\/\/osierrasconstruction.com\/co\/wp-json\/wp\/v2\/pages\/624\/revisions"}],"predecessor-version":[{"id":1423,"href":"https:\/\/osierrasconstruction.com\/co\/wp-json\/wp\/v2\/pages\/624\/revisions\/1423"}],"wp:attachment":[{"href":"https:\/\/osierrasconstruction.com\/co\/wp-json\/wp\/v2\/media?parent=624"}],"curies":[{"name":"wp","href":"https:\/\/api.w.org\/{rel}","templated":true}]}}